{"id":2294,"date":"2023-01-11T09:42:13","date_gmt":"2023-01-11T08:42:13","guid":{"rendered":"https:\/\/brionvega.stage.idna.it\/?page_id=2294"},"modified":"2025-10-10T11:19:08","modified_gmt":"2025-10-10T09:19:08","slug":"home-page","status":"publish","type":"page","link":"https:\/\/brionvega.stage.idna.it\/es\/","title":{"rendered":"home page"},"content":{"rendered":"","protected":false},"excerpt":{"rendered":"","protected":false},"author":1,"featured_media":0,"parent":0,"menu_order":0,"comment_status":"closed","ping_status":"closed","template":"","meta":{"inline_featured_image":false,"footnotes":""},"class_list":["post-2294","page","type-page","status-publish","hentry"],"acf":[],"yoast_head":"<!-- This site is optimized with the Yoast SEO plugin v27.2 - https:\/\/yoast.com\/product\/yoast-seo-wordpress\/ -->\n<title>Brionvega: productos de audio ic\u00f3nicos, atemporales, hechos en Italia<\/title>\n<meta name=\"description\" content=\"Brionvega: productos ic\u00f3nicos y atemporales para coleccionistas de sistemas de audio hechos en Italia. Una oda a la regularidad geom\u00e9trica de las formas y la perfecci\u00f3n del sonido.\" \/>\n<meta name=\"robots\" content=\"noindex, follow, max-snippet:-1, max-image-preview:large, max-video-preview:-1\" \/>\n<meta property=\"og:locale\" content=\"es_ES\" \/>\n<meta property=\"og:type\" content=\"article\" \/>\n<meta property=\"og:title\" content=\"Brionvega: productos de audio ic\u00f3nicos, atemporales, hechos en Italia\" \/>\n<meta property=\"og:description\" content=\"Brionvega: productos ic\u00f3nicos y atemporales para coleccionistas de sistemas de audio hechos en Italia. Una oda a la regularidad geom\u00e9trica de las formas y la perfecci\u00f3n del sonido.\" \/>\n<meta property=\"og:url\" content=\"https:\/\/brionvega.stage.idna.it\/es\/\" \/>\n<meta property=\"og:site_name\" content=\"Brionvega EU\" \/>\n<meta property=\"article:publisher\" content=\"https:\/\/www.facebook.com\/Brionvega\" \/>\n<meta property=\"article:modified_time\" content=\"2025-10-10T09:19:08+00:00\" \/>\n<meta property=\"og:image\" content=\"https:\/\/brionvega.stage.idna.it\/app\/uploads\/2023\/02\/logo.70ed3d-1.png\" \/>\n\t<meta property=\"og:image:width\" content=\"200\" \/>\n\t<meta property=\"og:image:height\" content=\"200\" \/>\n\t<meta property=\"og:image:type\" content=\"image\/png\" \/>\n<meta name=\"twitter:card\" content=\"summary_large_image\" \/>\n<script type=\"application\/ld+json\" class=\"yoast-schema-graph\">{\"@context\":\"https:\/\/schema.org\",\"@graph\":[{\"@type\":\"WebPage\",\"@id\":\"https:\/\/brionvega.stage.idna.it\/es\/\",\"url\":\"https:\/\/brionvega.stage.idna.it\/es\/\",\"name\":\"Brionvega: productos de audio ic\u00f3nicos, atemporales, hechos en Italia\",\"isPartOf\":{\"@id\":\"https:\/\/brionvega.stage.idna.it\/es\/#website\"},\"datePublished\":\"2023-01-11T08:42:13+00:00\",\"dateModified\":\"2025-10-10T09:19:08+00:00\",\"description\":\"Brionvega: productos ic\u00f3nicos y atemporales para coleccionistas de sistemas de audio hechos en Italia. Una oda a la regularidad geom\u00e9trica de las formas y la perfecci\u00f3n del sonido.\",\"breadcrumb\":{\"@id\":\"https:\/\/brionvega.stage.idna.it\/es\/#breadcrumb\"},\"inLanguage\":\"es\",\"potentialAction\":[{\"@type\":\"ReadAction\",\"target\":[\"https:\/\/brionvega.stage.idna.it\/es\/\"]}]},{\"@type\":\"BreadcrumbList\",\"@id\":\"https:\/\/brionvega.stage.idna.it\/es\/#breadcrumb\",\"itemListElement\":[{\"@type\":\"ListItem\",\"position\":1,\"name\":\"Home\",\"item\":\"https:\/\/brionvega.stage.idna.it\/es\/\"},{\"@type\":\"ListItem\",\"position\":2,\"name\":\"home page\"}]},{\"@type\":\"WebSite\",\"@id\":\"https:\/\/brionvega.stage.idna.it\/es\/#website\",\"url\":\"https:\/\/brionvega.stage.idna.it\/es\/\",\"name\":\"Brionvega EU\",\"description\":\"\",\"potentialAction\":[{\"@type\":\"SearchAction\",\"target\":{\"@type\":\"EntryPoint\",\"urlTemplate\":\"https:\/\/brionvega.stage.idna.it\/es\/?s={search_term_string}\"},\"query-input\":{\"@type\":\"PropertyValueSpecification\",\"valueRequired\":true,\"valueName\":\"search_term_string\"}}],\"inLanguage\":\"es\"}]}<\/script>\n<!-- \/ Yoast SEO plugin. -->","yoast_head_json":{"title":"Brionvega: productos de audio ic\u00f3nicos, atemporales, hechos en Italia","description":"Brionvega: productos ic\u00f3nicos y atemporales para coleccionistas de sistemas de audio hechos en Italia. Una oda a la regularidad geom\u00e9trica de las formas y la perfecci\u00f3n del sonido.","robots":{"index":"noindex","follow":"follow","max-snippet":"max-snippet:-1","max-image-preview":"max-image-preview:large","max-video-preview":"max-video-preview:-1"},"og_locale":"es_ES","og_type":"article","og_title":"Brionvega: productos de audio ic\u00f3nicos, atemporales, hechos en Italia","og_description":"Brionvega: productos ic\u00f3nicos y atemporales para coleccionistas de sistemas de audio hechos en Italia. Una oda a la regularidad geom\u00e9trica de las formas y la perfecci\u00f3n del sonido.","og_url":"https:\/\/brionvega.stage.idna.it\/es\/","og_site_name":"Brionvega EU","article_publisher":"https:\/\/www.facebook.com\/Brionvega","article_modified_time":"2025-10-10T09:19:08+00:00","og_image":[{"width":200,"height":200,"url":"https:\/\/brionvega.stage.idna.it\/app\/uploads\/2023\/02\/logo.70ed3d-1.png","type":"image\/png"}],"twitter_card":"summary_large_image","schema":{"@context":"https:\/\/schema.org","@graph":[{"@type":"WebPage","@id":"https:\/\/brionvega.stage.idna.it\/es\/","url":"https:\/\/brionvega.stage.idna.it\/es\/","name":"Brionvega: productos de audio ic\u00f3nicos, atemporales, hechos en Italia","isPartOf":{"@id":"https:\/\/brionvega.stage.idna.it\/es\/#website"},"datePublished":"2023-01-11T08:42:13+00:00","dateModified":"2025-10-10T09:19:08+00:00","description":"Brionvega: productos ic\u00f3nicos y atemporales para coleccionistas de sistemas de audio hechos en Italia. Una oda a la regularidad geom\u00e9trica de las formas y la perfecci\u00f3n del sonido.","breadcrumb":{"@id":"https:\/\/brionvega.stage.idna.it\/es\/#breadcrumb"},"inLanguage":"es","potentialAction":[{"@type":"ReadAction","target":["https:\/\/brionvega.stage.idna.it\/es\/"]}]},{"@type":"BreadcrumbList","@id":"https:\/\/brionvega.stage.idna.it\/es\/#breadcrumb","itemListElement":[{"@type":"ListItem","position":1,"name":"Home","item":"https:\/\/brionvega.stage.idna.it\/es\/"},{"@type":"ListItem","position":2,"name":"home page"}]},{"@type":"WebSite","@id":"https:\/\/brionvega.stage.idna.it\/es\/#website","url":"https:\/\/brionvega.stage.idna.it\/es\/","name":"Brionvega EU","description":"","potentialAction":[{"@type":"SearchAction","target":{"@type":"EntryPoint","urlTemplate":"https:\/\/brionvega.stage.idna.it\/es\/?s={search_term_string}"},"query-input":{"@type":"PropertyValueSpecification","valueRequired":true,"valueName":"search_term_string"}}],"inLanguage":"es"}]}},"_links":{"self":[{"href":"https:\/\/brionvega.stage.idna.it\/es\/wp-json\/wp\/v2\/pages\/2294","targetHints":{"allow":["GET"]}}],"collection":[{"href":"https:\/\/brionvega.stage.idna.it\/es\/wp-json\/wp\/v2\/pages"}],"about":[{"href":"https:\/\/brionvega.stage.idna.it\/es\/wp-json\/wp\/v2\/types\/page"}],"author":[{"embeddable":true,"href":"https:\/\/brionvega.stage.idna.it\/es\/wp-json\/wp\/v2\/users\/1"}],"replies":[{"embeddable":true,"href":"https:\/\/brionvega.stage.idna.it\/es\/wp-json\/wp\/v2\/comments?post=2294"}],"version-history":[{"count":34,"href":"https:\/\/brionvega.stage.idna.it\/es\/wp-json\/wp\/v2\/pages\/2294\/revisions"}],"predecessor-version":[{"id":12289,"href":"https:\/\/brionvega.stage.idna.it\/es\/wp-json\/wp\/v2\/pages\/2294\/revisions\/12289"}],"wp:attachment":[{"href":"https:\/\/brionvega.stage.idna.it\/es\/wp-json\/wp\/v2\/media?parent=2294"}],"curies":[{"name":"wp","href":"https:\/\/api.w.org\/{rel}","templated":true}]}}