{"id":3605,"date":"2023-01-25T20:53:10","date_gmt":"2023-01-25T19:53:10","guid":{"rendered":"https:\/\/brionvega.stage.idna.it\/prodotto\/radio-cubo-50\/"},"modified":"2026-01-25T18:15:07","modified_gmt":"2026-01-25T17:15:07","slug":"radio-cubo-50","status":"publish","type":"product","link":"https:\/\/brionvega.stage.idna.it\/fr\/produits\/radio-cubo-50\/","title":{"rendered":"radio.cubo 50\u00b0"},"content":{"rendered":"","protected":false},"excerpt":{"rendered":"","protected":false},"featured_media":11927,"comment_status":"closed","ping_status":"closed","template":"","meta":{"inline_featured_image":false},"product_brand":[],"product_cat":[57],"product_tag":[],"class_list":{"0":"post-3605","1":"product","2":"type-product","3":"status-publish","4":"has-post-thumbnail","6":"product_cat-radio-cubo-fr","7":"product_shipping_class-expedition-normale","9":"first","10":"instock","11":"taxable","12":"shipping-taxable","13":"purchasable","14":"product-type-variable"},"acf":[],"yoast_head":"<!-- This site is optimized with the Yoast SEO plugin v27.2 - https:\/\/yoast.com\/product\/yoast-seo-wordpress\/ -->\n<title>Radio.cubo 50\u00b0 la radio culte de Brionvega en direct des ann\u00e9es 60<\/title>\n<meta name=\"description\" content=\"Radio.cubo 50th Brionvega : une r\u00e9interpr\u00e9tation de l&#039;objet culte du design italien, le l\u00e9gendaire radio.cubo ts502. Choisissez votre finition !\" \/>\n<meta name=\"robots\" content=\"noindex, follow, max-snippet:-1, max-image-preview:large, max-video-preview:-1\" \/>\n<meta property=\"og:locale\" content=\"fr_FR\" \/>\n<meta property=\"og:type\" content=\"article\" \/>\n<meta property=\"og:title\" content=\"Radio.cubo 50\u00b0 la radio culte de Brionvega en direct des ann\u00e9es 60\" \/>\n<meta property=\"og:description\" content=\"Radio.cubo 50th Brionvega : une r\u00e9interpr\u00e9tation de l&#039;objet culte du design italien, le l\u00e9gendaire radio.cubo ts502. Choisissez votre finition !\" \/>\n<meta property=\"og:url\" content=\"https:\/\/brionvega.stage.idna.it\/fr\/produits\/radio-cubo-50\/\" \/>\n<meta property=\"og:site_name\" content=\"Brionvega EU\" \/>\n<meta property=\"article:publisher\" content=\"https:\/\/www.facebook.com\/Brionvega\" \/>\n<meta property=\"article:modified_time\" content=\"2026-01-25T17:15:07+00:00\" \/>\n<meta property=\"og:image\" content=\"https:\/\/brionvega.stage.idna.it\/app\/uploads\/2023\/01\/nera1.png\" \/>\n\t<meta property=\"og:image:width\" content=\"1920\" \/>\n\t<meta property=\"og:image:height\" content=\"1080\" \/>\n\t<meta property=\"og:image:type\" content=\"image\/png\" \/>\n<meta name=\"twitter:card\" content=\"summary_large_image\" \/>\n<script type=\"application\/ld+json\" class=\"yoast-schema-graph\">{\"@context\":\"https:\/\/schema.org\",\"@graph\":[{\"@type\":\"WebPage\",\"@id\":\"https:\/\/brionvega.stage.idna.it\/fr\/produits\/radio-cubo-50\/\",\"url\":\"https:\/\/brionvega.stage.idna.it\/fr\/produits\/radio-cubo-50\/\",\"name\":\"Radio.cubo 50\u00b0 la radio culte de Brionvega en direct des ann\u00e9es 60\",\"isPartOf\":{\"@id\":\"https:\/\/brionvega.stage.idna.it\/fr\/#website\"},\"primaryImageOfPage\":{\"@id\":\"https:\/\/brionvega.stage.idna.it\/fr\/produits\/radio-cubo-50\/#primaryimage\"},\"image\":{\"@id\":\"https:\/\/brionvega.stage.idna.it\/fr\/produits\/radio-cubo-50\/#primaryimage\"},\"thumbnailUrl\":\"https:\/\/brionvega.stage.idna.it\/app\/uploads\/2023\/01\/nera1.png\",\"datePublished\":\"2023-01-25T19:53:10+00:00\",\"dateModified\":\"2026-01-25T17:15:07+00:00\",\"description\":\"Radio.cubo 50th Brionvega : une r\u00e9interpr\u00e9tation de l'objet culte du design italien, le l\u00e9gendaire radio.cubo ts502. Choisissez votre finition !\",\"breadcrumb\":{\"@id\":\"https:\/\/brionvega.stage.idna.it\/fr\/produits\/radio-cubo-50\/#breadcrumb\"},\"inLanguage\":\"fr-FR\",\"potentialAction\":[{\"@type\":\"ReadAction\",\"target\":[\"https:\/\/brionvega.stage.idna.it\/fr\/produits\/radio-cubo-50\/\"]}]},{\"@type\":\"ImageObject\",\"inLanguage\":\"fr-FR\",\"@id\":\"https:\/\/brionvega.stage.idna.it\/fr\/produits\/radio-cubo-50\/#primaryimage\",\"url\":\"https:\/\/brionvega.stage.idna.it\/app\/uploads\/2023\/01\/nera1.png\",\"contentUrl\":\"https:\/\/brionvega.stage.idna.it\/app\/uploads\/2023\/01\/nera1.png\",\"width\":1920,\"height\":1080},{\"@type\":\"BreadcrumbList\",\"@id\":\"https:\/\/brionvega.stage.idna.it\/fr\/produits\/radio-cubo-50\/#breadcrumb\",\"itemListElement\":[{\"@type\":\"ListItem\",\"position\":1,\"name\":\"Home\",\"item\":\"https:\/\/brionvega.stage.idna.it\/fr\/\"},{\"@type\":\"ListItem\",\"position\":2,\"name\":\"shop\",\"item\":\"https:\/\/brionvega.stage.idna.it\/fr\/shop\/\"},{\"@type\":\"ListItem\",\"position\":3,\"name\":\"radio.cubo 50\u00b0\"}]},{\"@type\":\"WebSite\",\"@id\":\"https:\/\/brionvega.stage.idna.it\/fr\/#website\",\"url\":\"https:\/\/brionvega.stage.idna.it\/fr\/\",\"name\":\"Brionvega EU\",\"description\":\"\",\"potentialAction\":[{\"@type\":\"SearchAction\",\"target\":{\"@type\":\"EntryPoint\",\"urlTemplate\":\"https:\/\/brionvega.stage.idna.it\/fr\/?s={search_term_string}\"},\"query-input\":{\"@type\":\"PropertyValueSpecification\",\"valueRequired\":true,\"valueName\":\"search_term_string\"}}],\"inLanguage\":\"fr-FR\"}]}<\/script>\n<!-- \/ Yoast SEO plugin. -->","yoast_head_json":{"title":"Radio.cubo 50\u00b0 la radio culte de Brionvega en direct des ann\u00e9es 60","description":"Radio.cubo 50th Brionvega : une r\u00e9interpr\u00e9tation de l'objet culte du design italien, le l\u00e9gendaire radio.cubo ts502. Choisissez votre finition !","robots":{"index":"noindex","follow":"follow","max-snippet":"max-snippet:-1","max-image-preview":"max-image-preview:large","max-video-preview":"max-video-preview:-1"},"og_locale":"fr_FR","og_type":"article","og_title":"Radio.cubo 50\u00b0 la radio culte de Brionvega en direct des ann\u00e9es 60","og_description":"Radio.cubo 50th Brionvega : une r\u00e9interpr\u00e9tation de l'objet culte du design italien, le l\u00e9gendaire radio.cubo ts502. Choisissez votre finition !","og_url":"https:\/\/brionvega.stage.idna.it\/fr\/produits\/radio-cubo-50\/","og_site_name":"Brionvega EU","article_publisher":"https:\/\/www.facebook.com\/Brionvega","article_modified_time":"2026-01-25T17:15:07+00:00","og_image":[{"width":1920,"height":1080,"url":"https:\/\/brionvega.stage.idna.it\/app\/uploads\/2023\/01\/nera1.png","type":"image\/png"}],"twitter_card":"summary_large_image","schema":{"@context":"https:\/\/schema.org","@graph":[{"@type":"WebPage","@id":"https:\/\/brionvega.stage.idna.it\/fr\/produits\/radio-cubo-50\/","url":"https:\/\/brionvega.stage.idna.it\/fr\/produits\/radio-cubo-50\/","name":"Radio.cubo 50\u00b0 la radio culte de Brionvega en direct des ann\u00e9es 60","isPartOf":{"@id":"https:\/\/brionvega.stage.idna.it\/fr\/#website"},"primaryImageOfPage":{"@id":"https:\/\/brionvega.stage.idna.it\/fr\/produits\/radio-cubo-50\/#primaryimage"},"image":{"@id":"https:\/\/brionvega.stage.idna.it\/fr\/produits\/radio-cubo-50\/#primaryimage"},"thumbnailUrl":"https:\/\/brionvega.stage.idna.it\/app\/uploads\/2023\/01\/nera1.png","datePublished":"2023-01-25T19:53:10+00:00","dateModified":"2026-01-25T17:15:07+00:00","description":"Radio.cubo 50th Brionvega : une r\u00e9interpr\u00e9tation de l'objet culte du design italien, le l\u00e9gendaire radio.cubo ts502. Choisissez votre finition !","breadcrumb":{"@id":"https:\/\/brionvega.stage.idna.it\/fr\/produits\/radio-cubo-50\/#breadcrumb"},"inLanguage":"fr-FR","potentialAction":[{"@type":"ReadAction","target":["https:\/\/brionvega.stage.idna.it\/fr\/produits\/radio-cubo-50\/"]}]},{"@type":"ImageObject","inLanguage":"fr-FR","@id":"https:\/\/brionvega.stage.idna.it\/fr\/produits\/radio-cubo-50\/#primaryimage","url":"https:\/\/brionvega.stage.idna.it\/app\/uploads\/2023\/01\/nera1.png","contentUrl":"https:\/\/brionvega.stage.idna.it\/app\/uploads\/2023\/01\/nera1.png","width":1920,"height":1080},{"@type":"BreadcrumbList","@id":"https:\/\/brionvega.stage.idna.it\/fr\/produits\/radio-cubo-50\/#breadcrumb","itemListElement":[{"@type":"ListItem","position":1,"name":"Home","item":"https:\/\/brionvega.stage.idna.it\/fr\/"},{"@type":"ListItem","position":2,"name":"shop","item":"https:\/\/brionvega.stage.idna.it\/fr\/shop\/"},{"@type":"ListItem","position":3,"name":"radio.cubo 50\u00b0"}]},{"@type":"WebSite","@id":"https:\/\/brionvega.stage.idna.it\/fr\/#website","url":"https:\/\/brionvega.stage.idna.it\/fr\/","name":"Brionvega EU","description":"","potentialAction":[{"@type":"SearchAction","target":{"@type":"EntryPoint","urlTemplate":"https:\/\/brionvega.stage.idna.it\/fr\/?s={search_term_string}"},"query-input":{"@type":"PropertyValueSpecification","valueRequired":true,"valueName":"search_term_string"}}],"inLanguage":"fr-FR"}]}},"_links":{"self":[{"href":"https:\/\/brionvega.stage.idna.it\/fr\/wp-json\/wp\/v2\/product\/3605","targetHints":{"allow":["GET"]}}],"collection":[{"href":"https:\/\/brionvega.stage.idna.it\/fr\/wp-json\/wp\/v2\/product"}],"about":[{"href":"https:\/\/brionvega.stage.idna.it\/fr\/wp-json\/wp\/v2\/types\/product"}],"replies":[{"embeddable":true,"href":"https:\/\/brionvega.stage.idna.it\/fr\/wp-json\/wp\/v2\/comments?post=3605"}],"wp:featuredmedia":[{"embeddable":true,"href":"https:\/\/brionvega.stage.idna.it\/fr\/wp-json\/wp\/v2\/media\/11927"}],"wp:attachment":[{"href":"https:\/\/brionvega.stage.idna.it\/fr\/wp-json\/wp\/v2\/media?parent=3605"}],"wp:term":[{"taxonomy":"product_brand","embeddable":true,"href":"https:\/\/brionvega.stage.idna.it\/fr\/wp-json\/wp\/v2\/product_brand?post=3605"},{"taxonomy":"product_cat","embeddable":true,"href":"https:\/\/brionvega.stage.idna.it\/fr\/wp-json\/wp\/v2\/product_cat?post=3605"},{"taxonomy":"product_tag","embeddable":true,"href":"https:\/\/brionvega.stage.idna.it\/fr\/wp-json\/wp\/v2\/product_tag?post=3605"}],"curies":[{"name":"wp","href":"https:\/\/api.w.org\/{rel}","templated":true}]}}