{"id":1248,"date":"2023-02-03T16:41:26","date_gmt":"2023-02-03T15:41:26","guid":{"rendered":"https:\/\/brionvega.stage.idna.it\/us\/product\/radiofonografo-rr226-fo-st-rojo\/"},"modified":"2025-08-28T11:35:03","modified_gmt":"2025-08-28T09:35:03","slug":"radiofonografo-rr226-fo-st-rojo","status":"publish","type":"product","link":"https:\/\/brionvega.stage.idna.it\/us\/es\/producto\/radiofonografo-rr226-fo-st-rojo\/","title":{"rendered":"radiofonografo rosso"},"content":{"rendered":"","protected":false},"excerpt":{"rendered":"","protected":false},"featured_media":1021,"comment_status":"closed","ping_status":"closed","template":"","meta":{"inline_featured_image":false},"product_brand":[],"product_cat":[40],"product_tag":[],"class_list":{"0":"post-1248","1":"product","2":"type-product","3":"status-publish","4":"has-post-thumbnail","6":"product_cat-radiofonografo-es","7":"product_shipping_class-envio-pesado","9":"first","10":"instock","11":"taxable","12":"shipping-taxable","13":"purchasable","14":"product-type-simple"},"acf":[],"yoast_head":"<!-- This site is optimized with the Yoast SEO plugin v27.2 - https:\/\/yoast.com\/product\/yoast-seo-wordpress\/ -->\n<title>Radiofonografo rr226 fo-st Rojo Brionvega: ajustable, escucha \u00fanica<\/title>\n<meta name=\"description\" content=\"Radiofonografo rr226 fo-st \u2013 Rojo, firmado en 1965 por los dise\u00f1adores de Castiglion: un encanto retro, una incre\u00edble definici\u00f3n del sonido.\" \/>\n<meta name=\"robots\" content=\"noindex, follow, max-snippet:-1, max-image-preview:large, max-video-preview:-1\" \/>\n<meta property=\"og:locale\" content=\"es_ES\" \/>\n<meta property=\"og:type\" content=\"article\" \/>\n<meta property=\"og:title\" content=\"Radiofonografo rr226 fo-st Rojo Brionvega: ajustable, escucha \u00fanica\" \/>\n<meta property=\"og:description\" content=\"Radiofonografo rr226 fo-st \u2013 Rojo, firmado en 1965 por los dise\u00f1adores de Castiglion: un encanto retro, una incre\u00edble definici\u00f3n del sonido.\" \/>\n<meta property=\"og:url\" content=\"https:\/\/brionvega.stage.idna.it\/us\/es\/producto\/radiofonografo-rr226-fo-st-rojo\/\" \/>\n<meta property=\"og:site_name\" content=\"Brionvega US + Resto del mondo\" \/>\n<meta property=\"article:publisher\" content=\"https:\/\/www.facebook.com\/Brionvega\" \/>\n<meta property=\"article:modified_time\" content=\"2025-08-28T09:35:03+00:00\" \/>\n<meta property=\"og:image\" content=\"https:\/\/brionvega.stage.idna.it\/app\/uploads\/sites\/2\/2023\/02\/radiofonografo_rosso_still1.jpg\" \/>\n\t<meta property=\"og:image:width\" content=\"1920\" \/>\n\t<meta property=\"og:image:height\" content=\"1080\" \/>\n\t<meta property=\"og:image:type\" content=\"image\/jpeg\" \/>\n<meta name=\"twitter:card\" content=\"summary_large_image\" \/>\n<script type=\"application\/ld+json\" class=\"yoast-schema-graph\">{\"@context\":\"https:\/\/schema.org\",\"@graph\":[{\"@type\":\"WebPage\",\"@id\":\"https:\/\/brionvega.stage.idna.it\/us\/es\/producto\/radiofonografo-rr226-fo-st-rojo\/\",\"url\":\"https:\/\/brionvega.stage.idna.it\/us\/es\/producto\/radiofonografo-rr226-fo-st-rojo\/\",\"name\":\"Radiofonografo rr226 fo-st Rojo Brionvega: ajustable, escucha \u00fanica\",\"isPartOf\":{\"@id\":\"https:\/\/brionvega.stage.idna.it\/us\/es\/#website\"},\"primaryImageOfPage\":{\"@id\":\"https:\/\/brionvega.stage.idna.it\/us\/es\/producto\/radiofonografo-rr226-fo-st-rojo\/#primaryimage\"},\"image\":{\"@id\":\"https:\/\/brionvega.stage.idna.it\/us\/es\/producto\/radiofonografo-rr226-fo-st-rojo\/#primaryimage\"},\"thumbnailUrl\":\"https:\/\/brionvega.stage.idna.it\/app\/uploads\/sites\/2\/2023\/02\/radiofonografo_rosso_still1.jpg\",\"datePublished\":\"2023-02-03T15:41:26+00:00\",\"dateModified\":\"2025-08-28T09:35:03+00:00\",\"description\":\"Radiofonografo rr226 fo-st \u2013 Rojo, firmado en 1965 por los dise\u00f1adores de Castiglion: un encanto retro, una incre\u00edble definici\u00f3n del sonido.\",\"breadcrumb\":{\"@id\":\"https:\/\/brionvega.stage.idna.it\/us\/es\/producto\/radiofonografo-rr226-fo-st-rojo\/#breadcrumb\"},\"inLanguage\":\"es\",\"potentialAction\":[{\"@type\":\"ReadAction\",\"target\":[\"https:\/\/brionvega.stage.idna.it\/us\/es\/producto\/radiofonografo-rr226-fo-st-rojo\/\"]}]},{\"@type\":\"ImageObject\",\"inLanguage\":\"es\",\"@id\":\"https:\/\/brionvega.stage.idna.it\/us\/es\/producto\/radiofonografo-rr226-fo-st-rojo\/#primaryimage\",\"url\":\"https:\/\/brionvega.stage.idna.it\/app\/uploads\/sites\/2\/2023\/02\/radiofonografo_rosso_still1.jpg\",\"contentUrl\":\"https:\/\/brionvega.stage.idna.it\/app\/uploads\/sites\/2\/2023\/02\/radiofonografo_rosso_still1.jpg\",\"width\":1920,\"height\":1080},{\"@type\":\"BreadcrumbList\",\"@id\":\"https:\/\/brionvega.stage.idna.it\/us\/es\/producto\/radiofonografo-rr226-fo-st-rojo\/#breadcrumb\",\"itemListElement\":[{\"@type\":\"ListItem\",\"position\":1,\"name\":\"Home\",\"item\":\"https:\/\/brionvega.stage.idna.it\/us\/es\/\"},{\"@type\":\"ListItem\",\"position\":2,\"name\":\"shop\",\"item\":\"https:\/\/brionvega.stage.idna.it\/us\/es\/shop\/\"},{\"@type\":\"ListItem\",\"position\":3,\"name\":\"radiofonografo rosso\"}]},{\"@type\":\"WebSite\",\"@id\":\"https:\/\/brionvega.stage.idna.it\/us\/es\/#website\",\"url\":\"https:\/\/brionvega.stage.idna.it\/us\/es\/\",\"name\":\"Brionvega US + Resto del mondo\",\"description\":\"\",\"potentialAction\":[{\"@type\":\"SearchAction\",\"target\":{\"@type\":\"EntryPoint\",\"urlTemplate\":\"https:\/\/brionvega.stage.idna.it\/us\/es\/?s={search_term_string}\"},\"query-input\":{\"@type\":\"PropertyValueSpecification\",\"valueRequired\":true,\"valueName\":\"search_term_string\"}}],\"inLanguage\":\"es\"}]}<\/script>\n<!-- \/ Yoast SEO plugin. -->","yoast_head_json":{"title":"Radiofonografo rr226 fo-st Rojo Brionvega: ajustable, escucha \u00fanica","description":"Radiofonografo rr226 fo-st \u2013 Rojo, firmado en 1965 por los dise\u00f1adores de Castiglion: un encanto retro, una incre\u00edble definici\u00f3n del sonido.","robots":{"index":"noindex","follow":"follow","max-snippet":"max-snippet:-1","max-image-preview":"max-image-preview:large","max-video-preview":"max-video-preview:-1"},"og_locale":"es_ES","og_type":"article","og_title":"Radiofonografo rr226 fo-st Rojo Brionvega: ajustable, escucha \u00fanica","og_description":"Radiofonografo rr226 fo-st \u2013 Rojo, firmado en 1965 por los dise\u00f1adores de Castiglion: un encanto retro, una incre\u00edble definici\u00f3n del sonido.","og_url":"https:\/\/brionvega.stage.idna.it\/us\/es\/producto\/radiofonografo-rr226-fo-st-rojo\/","og_site_name":"Brionvega US + Resto del mondo","article_publisher":"https:\/\/www.facebook.com\/Brionvega","article_modified_time":"2025-08-28T09:35:03+00:00","og_image":[{"width":1920,"height":1080,"url":"https:\/\/brionvega.stage.idna.it\/app\/uploads\/sites\/2\/2023\/02\/radiofonografo_rosso_still1.jpg","type":"image\/jpeg"}],"twitter_card":"summary_large_image","schema":{"@context":"https:\/\/schema.org","@graph":[{"@type":"WebPage","@id":"https:\/\/brionvega.stage.idna.it\/us\/es\/producto\/radiofonografo-rr226-fo-st-rojo\/","url":"https:\/\/brionvega.stage.idna.it\/us\/es\/producto\/radiofonografo-rr226-fo-st-rojo\/","name":"Radiofonografo rr226 fo-st Rojo Brionvega: ajustable, escucha \u00fanica","isPartOf":{"@id":"https:\/\/brionvega.stage.idna.it\/us\/es\/#website"},"primaryImageOfPage":{"@id":"https:\/\/brionvega.stage.idna.it\/us\/es\/producto\/radiofonografo-rr226-fo-st-rojo\/#primaryimage"},"image":{"@id":"https:\/\/brionvega.stage.idna.it\/us\/es\/producto\/radiofonografo-rr226-fo-st-rojo\/#primaryimage"},"thumbnailUrl":"https:\/\/brionvega.stage.idna.it\/app\/uploads\/sites\/2\/2023\/02\/radiofonografo_rosso_still1.jpg","datePublished":"2023-02-03T15:41:26+00:00","dateModified":"2025-08-28T09:35:03+00:00","description":"Radiofonografo rr226 fo-st \u2013 Rojo, firmado en 1965 por los dise\u00f1adores de Castiglion: un encanto retro, una incre\u00edble definici\u00f3n del sonido.","breadcrumb":{"@id":"https:\/\/brionvega.stage.idna.it\/us\/es\/producto\/radiofonografo-rr226-fo-st-rojo\/#breadcrumb"},"inLanguage":"es","potentialAction":[{"@type":"ReadAction","target":["https:\/\/brionvega.stage.idna.it\/us\/es\/producto\/radiofonografo-rr226-fo-st-rojo\/"]}]},{"@type":"ImageObject","inLanguage":"es","@id":"https:\/\/brionvega.stage.idna.it\/us\/es\/producto\/radiofonografo-rr226-fo-st-rojo\/#primaryimage","url":"https:\/\/brionvega.stage.idna.it\/app\/uploads\/sites\/2\/2023\/02\/radiofonografo_rosso_still1.jpg","contentUrl":"https:\/\/brionvega.stage.idna.it\/app\/uploads\/sites\/2\/2023\/02\/radiofonografo_rosso_still1.jpg","width":1920,"height":1080},{"@type":"BreadcrumbList","@id":"https:\/\/brionvega.stage.idna.it\/us\/es\/producto\/radiofonografo-rr226-fo-st-rojo\/#breadcrumb","itemListElement":[{"@type":"ListItem","position":1,"name":"Home","item":"https:\/\/brionvega.stage.idna.it\/us\/es\/"},{"@type":"ListItem","position":2,"name":"shop","item":"https:\/\/brionvega.stage.idna.it\/us\/es\/shop\/"},{"@type":"ListItem","position":3,"name":"radiofonografo rosso"}]},{"@type":"WebSite","@id":"https:\/\/brionvega.stage.idna.it\/us\/es\/#website","url":"https:\/\/brionvega.stage.idna.it\/us\/es\/","name":"Brionvega US + Resto del mondo","description":"","potentialAction":[{"@type":"SearchAction","target":{"@type":"EntryPoint","urlTemplate":"https:\/\/brionvega.stage.idna.it\/us\/es\/?s={search_term_string}"},"query-input":{"@type":"PropertyValueSpecification","valueRequired":true,"valueName":"search_term_string"}}],"inLanguage":"es"}]}},"_links":{"self":[{"href":"https:\/\/brionvega.stage.idna.it\/us\/es\/wp-json\/wp\/v2\/product\/1248","targetHints":{"allow":["GET"]}}],"collection":[{"href":"https:\/\/brionvega.stage.idna.it\/us\/es\/wp-json\/wp\/v2\/product"}],"about":[{"href":"https:\/\/brionvega.stage.idna.it\/us\/es\/wp-json\/wp\/v2\/types\/product"}],"replies":[{"embeddable":true,"href":"https:\/\/brionvega.stage.idna.it\/us\/es\/wp-json\/wp\/v2\/comments?post=1248"}],"wp:featuredmedia":[{"embeddable":true,"href":"https:\/\/brionvega.stage.idna.it\/us\/es\/wp-json\/wp\/v2\/media\/1021"}],"wp:attachment":[{"href":"https:\/\/brionvega.stage.idna.it\/us\/es\/wp-json\/wp\/v2\/media?parent=1248"}],"wp:term":[{"taxonomy":"product_brand","embeddable":true,"href":"https:\/\/brionvega.stage.idna.it\/us\/es\/wp-json\/wp\/v2\/product_brand?post=1248"},{"taxonomy":"product_cat","embeddable":true,"href":"https:\/\/brionvega.stage.idna.it\/us\/es\/wp-json\/wp\/v2\/product_cat?post=1248"},{"taxonomy":"product_tag","embeddable":true,"href":"https:\/\/brionvega.stage.idna.it\/us\/es\/wp-json\/wp\/v2\/product_tag?post=1248"}],"curies":[{"name":"wp","href":"https:\/\/api.w.org\/{rel}","templated":true}]}}